{"id":1005,"date":"2023-05-31T11:15:05","date_gmt":"2023-05-31T08:15:05","guid":{"rendered":"http:\/\/www.holoxone.com\/?page_id=1005"},"modified":"2026-03-16T20:36:10","modified_gmt":"2026-03-16T17:36:10","slug":"policy","status":"publish","type":"page","link":"https:\/\/www.holoxone.com\/tr\/policy\/","title":{"rendered":"Gizlilik Politikas\u0131"},"content":{"rendered":"<div data-elementor-type=\"wp-page\" data-elementor-id=\"1005\" class=\"elementor elementor-1005\">\n\t\t\t\t\t\t<section class=\"elementor-section elementor-top-section elementor-element elementor-element-7cda0e4f elementor-section-height-min-height elementor-section-boxed elementor-section-height-default elementor-section-items-middle\" data-id=\"7cda0e4f\" data-element_type=\"section\">\n\t\t\t\t\t\t<div class=\"elementor-container elementor-column-gap-default\">\n\t\t\t\t\t<div class=\"elementor-column elementor-col-100 elementor-top-column elementor-element elementor-element-6737cbc0\" data-id=\"6737cbc0\" data-element_type=\"column\">\n\t\t\t<div class=\"elementor-widget-wrap elementor-element-populated\">\n\t\t\t\t\t\t<div class=\"elementor-element elementor-element-5c04a739 elementor-widget elementor-widget-text-editor\" data-id=\"5c04a739\" data-element_type=\"widget\" data-widget_type=\"text-editor.default\">\n\t\t\t\t<div class=\"elementor-widget-container\">\n\t\t\t\t\t\t\t\t\t<h2><strong>Kalite Politikas\u0131<\/strong><\/h2>\n<p><strong>ISO 9001:2015 Kalite Y\u00f6netim Sistemi<\/strong> arac\u0131l\u0131\u011f\u0131 ile kaliteyi olmazsa olmaz bir zorunluluk olarak g\u00f6rmek ve bu \u00e7er\u00e7evede;<\/p>\n<ul>\n<li>Yapt\u0131\u011f\u0131m\u0131z \u00e7al\u0131\u015fmalarda m\u00fc\u015fteri memnuniyetini her \u015feyden \u00fcst\u00fcn tutmay\u0131,<\/li>\n<li>Teknolojik geli\u015fmeyi yak\u0131ndan takip ederek s\u00fcrekli iyile\u015ftirme bilinciyle g\u00fcvenilir, d\u00fcr\u00fcst planl\u0131 ve zaman\u0131nda istenen hizmeti ger\u00e7ekle\u015ftirmeyi,<\/li>\n<li>Kurulu\u015fumuzda \u00e7al\u0131\u015fan personelin geli\u015fimini, kariyerini geli\u015ftirmek i\u00e7in planlanan aral\u0131klar ile e\u011fitimlere \u00f6nem vererek e\u011fitimli personel ile \u00e7al\u0131\u015fmay\u0131<\/li>\n<\/ul>\n<p>Taahh\u00fct ederiz.<\/p>\n<p>\u00a0<\/p>\n<h2><strong>Bilgi G\u00fcvenli\u011fi Politikas\u0131<\/strong><\/h2>\n<p>Firmam\u0131z \u201cELEKTRON\u0130K \u00dcR\u00dcNLER\u0130N YAZILIMLARI VE \u0130MALATI\u201d alan\u0131nda hizmet vermektedir. Firmam\u0131z gizlilik, b\u00fct\u00fcnl\u00fck ve t\u00fcm fiziksel ve elektronik bilgi varl\u0131klar\u0131n\u0131 korumay\u0131 taahh\u00fct etmektedir. Bilgi ve bilgi g\u00fcvenli\u011fi gereksinimleri kurumsal hedeflerimiz ile ayn\u0131 do\u011frultuda olacakt\u0131r. Firmam\u0131z y\u00f6netimi de\u011fi\u015fime a\u00e7\u0131k, iyi e\u011fitim alm\u0131\u015f, konusunda yetkin personel istihdam\u0131 sa\u011flayacak ve sekt\u00f6r i\u00e7erisinde rakiplerimizle rekabeti sa\u011flayacak finansman\u0131 sa\u011flamak, yeterli donan\u0131m ve altyap\u0131y\u0131 bulunduracakt\u0131r. Bu altyap\u0131 ve personel ile birlikte gerekli finansmanda sa\u011flanacakt\u0131r. \u0130\u015f s\u00fcreklili\u011fi ve acil durum planlar\u0131, veri yedekleme prosed\u00fcrleri, vir\u00fcslerden ve bilgisayar korsanlar\u0131ndan sak\u0131nma, eri\u015fim kontrol sistemleri ve bilgi g\u00fcvenli\u011fi ihlal bildirimi temel faaliyetlerimizin temel ta\u015flar\u0131n\u0131 olu\u015fturacakt\u0131r. Yap\u0131lan risk de\u011ferlendirmeleri sonucunda elde edilen a\u00e7\u0131kl\u0131klar ve tehditler bertaraf edilerek m\u00fc\u015fteri ve personelimizin bilgilerine g\u00fcvenli eri\u015fim sa\u011flanacakt\u0131r.<\/p>\n<p>Ayr\u0131ca risk de\u011ferlendirmeleri sonucunda ama\u00e7lar\u0131m\u0131z\u0131 belirleyip bu ama\u00e7lar\u0131m ba\u015far\u0131lmas\u0131 i\u00e7in gerekli olan kaynaklar ve \u015fartlar sa\u011flanacakt\u0131r.<\/p>\n<p>Bu politikay\u0131 ger\u00e7ekle\u015ftirmek i\u00e7in ba\u015fta \u00e7al\u0131\u015fanlar\u0131m\u0131z\u0131n Bilgi G\u00fcvenli\u011fi Y\u00f6netim Sistemi \u015fartlar\u0131n\u0131 \u00e7al\u0131\u015fma bi\u00e7imi haline getirmelerini beklemekteyiz. T\u00fcm personel ve belirli \u00fc\u00e7\u00fcnc\u00fc taraflar\u0131n Bilgi G\u00fcvenli\u011fi Y\u00f6netim Sistemi ile ilgili uygun e\u011fitimleri almas\u0131 sa\u011flanacakt\u0131r.<\/p>\n<p>Bilgi g\u00fcvenli\u011fi ile ilgili uygulanabilir \u015fartlar ve bu \u015fartlar\u0131n getirdi\u011fi f\u0131rsatlar ve gereklilikler yerine getirilecek ve bu \u015fartlar s\u00fcrekli iyile\u015ftirilecektir. Ayr\u0131ca firmam\u0131z\u0131n, personelimizin ve t\u00fcm ilgili taraflar\u0131n bu sisteme adaptasyonu sa\u011flanacakt\u0131r.<\/p>\n<p>Bilgi G\u00fcvenli\u011fi Politikam\u0131z y\u0131lda bir kez ya da firmam\u0131zla ilgili \u00f6nemli de\u011fi\u015fikliklerin olmas\u0131 durumunda uygunlu\u011funu, do\u011frulu\u011funu ve etkinli\u011fini sa\u011flamak i\u00e7in y\u00f6netim ve birim sorumlular\u0131n\u0131n kat\u0131l\u0131m\u0131yla g\u00f6zden ge\u00e7irilmekte ve g\u00fcncelli\u011fi sa\u011flanmaktad\u0131r.<\/p>\n<p>\u00a0<\/p>\t\t\t\t\t\t\t\t<\/div>\n\t\t\t\t<\/div>\n\t\t\t\t\t<\/div>\n\t\t<\/div>\n\t\t\t\t\t<\/div>\n\t\t<\/section>\n\t\t\t\t<\/div>","protected":false},"excerpt":{"rendered":"<p>Kalite Politikas\u0131 ISO 9001:2015 Kalite Y\u00f6netim Sistemi arac\u0131l\u0131\u011f\u0131 ile kaliteyi olmazsa olmaz bir zorunluluk olarak g\u00f6rmek ve bu \u00e7er\u00e7evede; Yapt\u0131\u011f\u0131m\u0131z \u00e7al\u0131\u015fmalarda m\u00fc\u015fteri [&hellip;]<\/p>\n","protected":false},"author":3,"featured_media":0,"parent":0,"menu_order":0,"comment_status":"closed","ping_status":"closed","template":"","meta":{"footnotes":""},"class_list":["post-1005","page","type-page","status-publish","hentry"],"_links":{"self":[{"href":"https:\/\/www.holoxone.com\/tr\/wp-json\/wp\/v2\/pages\/1005","targetHints":{"allow":["GET"]}}],"collection":[{"href":"https:\/\/www.holoxone.com\/tr\/wp-json\/wp\/v2\/pages"}],"about":[{"href":"https:\/\/www.holoxone.com\/tr\/wp-json\/wp\/v2\/types\/page"}],"author":[{"embeddable":true,"href":"https:\/\/www.holoxone.com\/tr\/wp-json\/wp\/v2\/users\/3"}],"replies":[{"embeddable":true,"href":"https:\/\/www.holoxone.com\/tr\/wp-json\/wp\/v2\/comments?post=1005"}],"version-history":[{"count":10,"href":"https:\/\/www.holoxone.com\/tr\/wp-json\/wp\/v2\/pages\/1005\/revisions"}],"predecessor-version":[{"id":5387,"href":"https:\/\/www.holoxone.com\/tr\/wp-json\/wp\/v2\/pages\/1005\/revisions\/5387"}],"wp:attachment":[{"href":"https:\/\/www.holoxone.com\/tr\/wp-json\/wp\/v2\/media?parent=1005"}],"curies":[{"name":"wp","href":"https:\/\/api.w.org\/{rel}","templated":true}]}}