{"id":2689,"date":"2023-01-23T10:51:15","date_gmt":"2023-01-23T07:51:15","guid":{"rendered":"http:\/\/www.holoxone.com\/index.php\/about-us\/"},"modified":"2026-03-16T20:36:47","modified_gmt":"2026-03-16T17:36:47","slug":"story","status":"publish","type":"page","link":"https:\/\/www.holoxone.com\/tr\/story\/","title":{"rendered":"Hikayemiz"},"content":{"rendered":"<div data-elementor-type=\"wp-page\" data-elementor-id=\"2689\" class=\"elementor elementor-2689\">\n\t\t\t\t\t\t<div class=\"elementor-section elementor-top-section elementor-element elementor-element-e35798c elementor-section-boxed elementor-section-height-default elementor-section-height-default\" data-id=\"e35798c\" data-element_type=\"section\" data-settings=\"{&quot;background_background&quot;:&quot;classic&quot;}\">\n\t\t\t\t\t\t<div class=\"elementor-container elementor-column-gap-default\">\n\t\t\t\t\t<div class=\"elementor-column elementor-col-50 elementor-top-column elementor-element elementor-element-fcfb7fb\" data-id=\"fcfb7fb\" data-element_type=\"column\">\n\t\t\t<div class=\"elementor-widget-wrap elementor-element-populated\">\n\t\t\t\t\t\t<div class=\"elementor-element elementor-element-261fac0 ui-e-a-animate elementor-widget elementor-widget-highlighted-text\" data-id=\"261fac0\" data-element_type=\"widget\" data-widget_type=\"highlighted-text.default\">\n\t\t\t\t<div class=\"elementor-widget-container\">\n\t\t\t\t\t        <h1 class=\"ui-e--highlighted-text translation-block\"><span class=\"ui-e-headline-text elementor-repeater-item-f8eda84\">Exceeed Reality<\/span><span class=\"ui-e-headline-text elementor-repeater-item-a8744ae ui-e-headline-color\">\r\n\t\t\t\t\t\t\t\t\t<span class=\"whitespace\"><\/span>\r\n                                    <span>\r\n                                        <span class=\"ui-e-headline-text ui-e-headline-highlighted\">Embrace the Future<\/span><span class=\"uicore-svg-wrapper\"><svg xmlns=\"http:\/\/www.w3.org\/2000\/svg\" viewbox=\"0 0 500 150\" preserveaspectratio=\"none\"><\/svg><\/span><\/span> <span class=\"whitespace\"> <\/span><\/span><\/h1>\n    \t\t\t\t<\/div>\n\t\t\t\t<\/div>\n\t\t\t\t<div class=\"elementor-element elementor-element-4b93059 elementor-widget__width-initial elementor-widget-tablet__width-initial elementor-widget-mobile__width-inherit elementor-widget elementor-widget-text-editor\" data-id=\"4b93059\" data-element_type=\"widget\" data-widget_type=\"text-editor.default\">\n\t\t\t\t<div class=\"elementor-widget-container\">\n\t\t\t\t\t\t\t\t\t<p class=\"translation-block\">NativiaTech olarak, i\u015fletmelerin ve bireylerin ba\u011flant\u0131 kurma, etkile\u015fim sa\u011flama ve yenilik yapma bi\u00e7imlerini d\u00f6n\u00fc\u015ft\u00fcren ileri teknoloji \u00e7\u00f6z\u00fcmleri yaratmada \u00f6nc\u00fcy\u00fcz. S\u00fcr\u00fckleyici g\u00f6rseller, yapay zek\u00e2 destekli deneyimler ve kesintisiz cihazlar aras\u0131 sistemler konusundaki uzmanl\u0131\u011f\u0131m\u0131zla, m\u00fc\u015fterilerimizin farkl\u0131 sekt\u00f6rlerde unutulmaz deneyimler sunmalar\u0131n\u0131 sa\u011fl\u0131yoruz. Kaliteye, uyarlanabilirli\u011fe ve m\u00fc\u015fteri odakl\u0131 yenili\u011fe olan ba\u011fl\u0131l\u0131\u011f\u0131m\u0131z, bizi teknolojik ilerlemelerin \u00f6n saflar\u0131nda tutuyor. NativiaTech ile gelece\u011fi size daha da yak\u0131n getiriyoruz.<\/p>\t\t\t\t\t\t\t\t<\/div>\n\t\t\t\t<\/div>\n\t\t\t\t<div class=\"elementor-element elementor-element-3d9a036 elementor-widget elementor-widget-spacer\" data-id=\"3d9a036\" data-element_type=\"widget\" data-widget_type=\"spacer.default\">\n\t\t\t\t<div class=\"elementor-widget-container\">\n\t\t\t\t\t\t\t<div class=\"elementor-spacer\">\n\t\t\t<div class=\"elementor-spacer-inner\"><\/div>\n\t\t<\/div>\n\t\t\t\t\t\t<\/div>\n\t\t\t\t<\/div>\n\t\t\t\t<div class=\"elementor-element elementor-element-56d4285 elementor-widget__width-auto elementor-widget-mobile__width-inherit elementor-hidden-mobile elementor-widget elementor-widget-image\" data-id=\"56d4285\" data-element_type=\"widget\" data-widget_type=\"image.default\">\n\t\t\t\t<div class=\"elementor-widget-container\">\n\t\t\t\t\t\t\t\t\t\t\t\t\t\t\t<img decoding=\"async\" width=\"47\" height=\"117\" src=\"https:\/\/www.holoxone.com\/wp-content\/uploads\/2024\/03\/About-Us-Hero-Line.webp\" class=\"attachment-full size-full wp-image-2637\" alt=\"\" \/>\t\t\t\t\t\t\t\t\t\t\t\t\t\t\t<\/div>\n\t\t\t\t<\/div>\n\t\t\t\t\t<\/div>\n\t\t<\/div>\n\t\t\t\t<div class=\"elementor-column elementor-col-50 elementor-top-column elementor-element elementor-element-eb35566\" data-id=\"eb35566\" data-element_type=\"column\">\n\t\t\t<div class=\"elementor-widget-wrap elementor-element-populated\">\n\t\t\t\t\t\t<div class=\"elementor-element elementor-element-230ab22 elementor-widget elementor-widget-image\" data-id=\"230ab22\" data-element_type=\"widget\" data-widget_type=\"image.default\">\n\t\t\t\t<div class=\"elementor-widget-container\">\n\t\t\t\t\t\t\t\t\t\t\t\t\t\t\t<img fetchpriority=\"high\" decoding=\"async\" width=\"1080\" height=\"1512\" src=\"https:\/\/www.holoxone.com\/wp-content\/uploads\/2025\/11\/About-Us-Image_02.png\" class=\"attachment-full size-full wp-image-5140\" alt=\"\" srcset=\"https:\/\/www.holoxone.com\/wp-content\/uploads\/2025\/11\/About-Us-Image_02.png 1080w, https:\/\/www.holoxone.com\/wp-content\/uploads\/2025\/11\/About-Us-Image_02-214x300.png 214w, https:\/\/www.holoxone.com\/wp-content\/uploads\/2025\/11\/About-Us-Image_02-731x1024.png 731w, https:\/\/www.holoxone.com\/wp-content\/uploads\/2025\/11\/About-Us-Image_02-768x1075.png 768w, https:\/\/www.holoxone.com\/wp-content\/uploads\/2025\/11\/About-Us-Image_02-464x650.png 464w\" sizes=\"(max-width: 1080px) 100vw, 1080px\" \/>\t\t\t\t\t\t\t\t\t\t\t\t\t\t\t<\/div>\n\t\t\t\t<\/div>\n\t\t\t\t\t<\/div>\n\t\t<\/div>\n\t\t\t\t\t<\/div>\n\t\t<\/div>\n\t\t\t\t<div class=\"elementor-section elementor-top-section elementor-element elementor-element-2d031d2 elementor-section-boxed elementor-section-height-default elementor-section-height-default\" data-id=\"2d031d2\" data-element_type=\"section\">\n\t\t\t\t\t\t<div class=\"elementor-container elementor-column-gap-no\">\n\t\t\t\t\t<div class=\"elementor-column elementor-col-100 elementor-top-column elementor-element elementor-element-aaad400\" data-id=\"aaad400\" data-element_type=\"column\">\n\t\t\t<div class=\"elementor-widget-wrap elementor-element-populated\">\n\t\t\t\t\t\t<section class=\"elementor-section elementor-inner-section elementor-element elementor-element-bd2009e elementor-section-boxed elementor-section-height-default elementor-section-height-default\" data-id=\"bd2009e\" data-element_type=\"section\">\n\t\t\t\t\t\t<div class=\"elementor-container elementor-column-gap-default\">\n\t\t\t\t\t<div class=\"elementor-column elementor-col-50 elementor-inner-column elementor-element elementor-element-9337621\" data-id=\"9337621\" data-element_type=\"column\">\n\t\t\t<div class=\"elementor-widget-wrap elementor-element-populated\">\n\t\t\t\t\t\t<div class=\"elementor-element elementor-element-99db12c elementor-widget__width-initial elementor-widget-tablet__width-initial elementor-widget-mobile__width-inherit elementor-widget elementor-widget-heading\" data-id=\"99db12c\" data-element_type=\"widget\" data-widget_type=\"heading.default\">\n\t\t\t\t<div class=\"elementor-widget-container\">\n\t\t\t\t\t<h2 class=\"elementor-heading-title elementor-size-default\">Ba\u011flant\u0131larda Yenilik, Deneyimlerde Y\u00fckseli\u015f<\/h2>\t\t\t\t<\/div>\n\t\t\t\t<\/div>\n\t\t\t\t\t<\/div>\n\t\t<\/div>\n\t\t\t\t<div class=\"elementor-column elementor-col-50 elementor-inner-column elementor-element elementor-element-1a9b044\" data-id=\"1a9b044\" data-element_type=\"column\">\n\t\t\t<div class=\"elementor-widget-wrap elementor-element-populated\">\n\t\t\t\t\t\t<div class=\"elementor-element elementor-element-7421503 elementor-widget elementor-widget-text-editor\" data-id=\"7421503\" data-element_type=\"widget\" data-widget_type=\"text-editor.default\">\n\t\t\t\t<div class=\"elementor-widget-container\">\n\t\t\t\t\t\t\t\t\t<p class=\"translation-block\">NativiaTech\u2019te, tutkulu profesyonellerden olu\u015fan ekibimiz, tasar\u0131m, \u00fcretim ve ara\u015ft\u0131rma-geli\u015ftirme alanlar\u0131ndaki y\u0131llar\u0131n uzmanl\u0131\u011f\u0131n\u0131 bir araya getiriyor. Farkl\u0131 yetenekleri ve yenili\u011fe dair ortak vizyonlar\u0131yla, kullan\u0131c\u0131 deneyimlerini yeniden tan\u0131mlayan ileri teknolojik \u00e7\u00f6z\u00fcmler yaratmak i\u00e7in i\u015f birli\u011fi yap\u0131yoruz. M\u00fckemmeliyet ve yarat\u0131c\u0131l\u0131\u011fa olan ba\u011fl\u0131l\u0131\u011f\u0131m\u0131z, yapt\u0131\u011f\u0131m\u0131z her i\u015fin temelini olu\u015fturuyor ve her \u00fcr\u00fcn ile projenin beklentilerin \u00f6tesine ge\u00e7mesini sa\u011fl\u0131yor.<\/p>\t\t\t\t\t\t\t\t<\/div>\n\t\t\t\t<\/div>\n\t\t\t\t<div class=\"elementor-element elementor-element-2fc34b0 elementor-widget elementor-widget-text-editor\" data-id=\"2fc34b0\" data-element_type=\"widget\" data-widget_type=\"text-editor.default\">\n\t\t\t\t<div class=\"elementor-widget-container\">\n\t\t\t\t\t\t\t\t\t<p>\u0130\u015fletmenizin benzersiz ihtiya\u00e7lar\u0131n\u0131 kar\u015f\u0131lamak ve onu bir \u00fcst seviyeye ta\u015f\u0131mak i\u00e7in sizinle i\u015f birli\u011fi yapmaya inan\u0131yoruz. Vizyonumuzu s\u00fcrekli geni\u015fleterek, i\u015fletmelerin hedeflerine pratik ve eri\u015filebilir yollarla ula\u015fmalar\u0131na yard\u0131mc\u0131 olmay\u0131 ama\u00e7l\u0131yoruz. \u0130htiya\u00e7lar\u0131n\u0131z k\u0131sa vadeli veya uzun vadeli olsun, ba\u015far\u0131 ve yenili\u011fi destekleyen yarat\u0131c\u0131 \u00e7\u00f6z\u00fcmler sunmaya kararl\u0131y\u0131z.<\/p>\t\t\t\t\t\t\t\t<\/div>\n\t\t\t\t<\/div>\n\t\t\t\t\t<\/div>\n\t\t<\/div>\n\t\t\t\t\t<\/div>\n\t\t<\/section>\n\t\t\t\t\t<\/div>\n\t\t<\/div>\n\t\t\t\t\t<\/div>\n\t\t<\/div>\n\t\t\t\t<\/div>","protected":false},"excerpt":{"rendered":"<p>Exceeed Reality Embrace the Future At NativiaTech, we are pioneers in creating cutting-edge technology solutions that transform the way businesses and individuals [&hellip;]<\/p>\n","protected":false},"author":5,"featured_media":0,"parent":0,"menu_order":0,"comment_status":"closed","ping_status":"closed","template":"","meta":{"footnotes":""},"class_list":["post-2689","page","type-page","status-publish","hentry"],"_links":{"self":[{"href":"https:\/\/www.holoxone.com\/tr\/wp-json\/wp\/v2\/pages\/2689","targetHints":{"allow":["GET"]}}],"collection":[{"href":"https:\/\/www.holoxone.com\/tr\/wp-json\/wp\/v2\/pages"}],"about":[{"href":"https:\/\/www.holoxone.com\/tr\/wp-json\/wp\/v2\/types\/page"}],"author":[{"embeddable":true,"href":"https:\/\/www.holoxone.com\/tr\/wp-json\/wp\/v2\/users\/5"}],"replies":[{"embeddable":true,"href":"https:\/\/www.holoxone.com\/tr\/wp-json\/wp\/v2\/comments?post=2689"}],"version-history":[{"count":10,"href":"https:\/\/www.holoxone.com\/tr\/wp-json\/wp\/v2\/pages\/2689\/revisions"}],"predecessor-version":[{"id":5275,"href":"https:\/\/www.holoxone.com\/tr\/wp-json\/wp\/v2\/pages\/2689\/revisions\/5275"}],"wp:attachment":[{"href":"https:\/\/www.holoxone.com\/tr\/wp-json\/wp\/v2\/media?parent=2689"}],"curies":[{"name":"wp","href":"https:\/\/api.w.org\/{rel}","templated":true}]}}