{"id":5290,"date":"2025-11-27T18:04:51","date_gmt":"2025-11-27T15:04:51","guid":{"rendered":"https:\/\/www.holoxone.com\/?page_id=5290"},"modified":"2026-03-16T20:36:25","modified_gmt":"2026-03-16T17:36:25","slug":"employees","status":"publish","type":"page","link":"https:\/\/www.holoxone.com\/tr\/employees\/","title":{"rendered":"Digital Employees"},"content":{"rendered":"<div data-elementor-type=\"wp-page\" data-elementor-id=\"5290\" class=\"elementor elementor-5290\">\n\t\t\t\t\t\t<section class=\"elementor-section elementor-top-section elementor-element elementor-element-b8fffc5 elementor-section-full_width elementor-hidden-tablet elementor-hidden-mobile elementor-section-height-default elementor-section-height-default\" data-id=\"b8fffc5\" data-element_type=\"section\">\n\t\t\t\t\t\t<div class=\"elementor-container elementor-column-gap-no\">\n\t\t\t\t\t<div class=\"elementor-column elementor-col-100 elementor-top-column elementor-element elementor-element-58323fe\" data-id=\"58323fe\" data-element_type=\"column\">\n\t\t\t<div class=\"elementor-widget-wrap elementor-element-populated\">\n\t\t\t\t\t\t<div class=\"elementor-element elementor-element-5fb62a4 elementor-widget elementor-widget-video\" data-id=\"5fb62a4\" data-element_type=\"widget\" data-settings=\"{&quot;video_type&quot;:&quot;hosted&quot;,&quot;autoplay&quot;:&quot;yes&quot;,&quot;loop&quot;:&quot;yes&quot;}\" data-widget_type=\"video.default\">\n\t\t\t\t<div class=\"elementor-widget-container\">\n\t\t\t\t\t\t\t<div class=\"e-hosted-video elementor-wrapper elementor-open-inline\">\n\t\t\t\t\t<video class=\"elementor-video\" src=\"https:\/\/www.holoxone.com\/wp-content\/uploads\/2025\/11\/Website_Holoxone_Companion_02.mp4\" autoplay=\"\" loop=\"\" controlslist=\"nodownload\"><\/video>\n\t\t\t\t<\/div>\n\t\t\t\t\t\t<\/div>\n\t\t\t\t<\/div>\n\t\t\t\t\t<\/div>\n\t\t<\/div>\n\t\t\t\t\t<\/div>\n\t\t<\/section>\n\t\t\t\t<section class=\"elementor-section elementor-top-section elementor-element elementor-element-666586d elementor-section-full_width elementor-hidden-desktop elementor-section-height-default elementor-section-height-default\" data-id=\"666586d\" data-element_type=\"section\">\n\t\t\t\t\t\t<div class=\"elementor-container elementor-column-gap-no\">\n\t\t\t\t\t<div class=\"elementor-column elementor-col-100 elementor-top-column elementor-element elementor-element-b0b3a2c\" data-id=\"b0b3a2c\" data-element_type=\"column\">\n\t\t\t<div class=\"elementor-widget-wrap elementor-element-populated\">\n\t\t\t\t\t\t<div class=\"elementor-element elementor-element-702e754 elementor-widget elementor-widget-video\" data-id=\"702e754\" data-element_type=\"widget\" data-settings=\"{&quot;video_type&quot;:&quot;hosted&quot;,&quot;autoplay&quot;:&quot;yes&quot;,&quot;loop&quot;:&quot;yes&quot;}\" data-widget_type=\"video.default\">\n\t\t\t\t<div class=\"elementor-widget-container\">\n\t\t\t\t\t\t\t<div class=\"e-hosted-video elementor-wrapper elementor-open-inline\">\n\t\t\t\t\t<video class=\"elementor-video\" src=\"https:\/\/www.holoxone.com\/wp-content\/uploads\/2025\/11\/Comp-1_2.mp4\" autoplay=\"\" loop=\"\" controlslist=\"nodownload\"><\/video>\n\t\t\t\t<\/div>\n\t\t\t\t\t\t<\/div>\n\t\t\t\t<\/div>\n\t\t\t\t\t<\/div>\n\t\t<\/div>\n\t\t\t\t\t<\/div>\n\t\t<\/section>\n\t\t\t\t<section class=\"elementor-section elementor-top-section elementor-element elementor-element-9cfe7a8 elementor-section-full_width ep-parallax-effects-yes elementor-hidden-tablet elementor-hidden-mobile elementor-section-height-default elementor-section-height-default\" data-id=\"9cfe7a8\" data-element_type=\"section\" data-settings=\"{&quot;ep_parallax_effects_show&quot;:&quot;yes&quot;,&quot;ep_parallax_effects_opacity_toggole&quot;:&quot;yes&quot;,&quot;ep_parallax_effects_opacity_custom_show&quot;:&quot;yes&quot;,&quot;ep_parallax_effects_opacity_custom_value&quot;:&quot;0,1,1,1&quot;,&quot;ep_parallax_effects_viewport&quot;:&quot;yes&quot;,&quot;ep_parallax_effects_viewport_start&quot;:&quot;0&quot;,&quot;ep_parallax_effects_viewport_end&quot;:&quot;25%&quot;,&quot;animation&quot;:&quot;none&quot;,&quot;ep_parallax_effects_rotate_start&quot;:{&quot;unit&quot;:&quot;px&quot;,&quot;size&quot;:&quot;&quot;,&quot;sizes&quot;:[]},&quot;ep_parallax_effects_rotate_end&quot;:{&quot;unit&quot;:&quot;px&quot;,&quot;size&quot;:&quot;&quot;,&quot;sizes&quot;:[]},&quot;ep_parallax_effects_scale_start&quot;:{&quot;unit&quot;:&quot;px&quot;,&quot;size&quot;:1,&quot;sizes&quot;:[]},&quot;ep_parallax_effects_scale_end&quot;:{&quot;unit&quot;:&quot;px&quot;,&quot;size&quot;:1,&quot;sizes&quot;:[]},&quot;ep_parallax_effects_hue_value&quot;:{&quot;unit&quot;:&quot;px&quot;,&quot;size&quot;:&quot;&quot;,&quot;sizes&quot;:[]},&quot;ep_parallax_effects_sepia_value&quot;:{&quot;unit&quot;:&quot;px&quot;,&quot;size&quot;:1,&quot;sizes&quot;:[]},&quot;ep_parallax_effects_easing_value&quot;:{&quot;unit&quot;:&quot;px&quot;,&quot;size&quot;:1,&quot;sizes&quot;:[]},&quot;ep_parallax_effects_target&quot;:&quot;self&quot;}\">\n\t\t\t\t\t\t<div class=\"elementor-container elementor-column-gap-no\">\n\t\t\t\t\t<div class=\"elementor-column elementor-col-100 elementor-top-column elementor-element elementor-element-b725a72\" data-id=\"b725a72\" data-element_type=\"column\">\n\t\t\t<div class=\"elementor-widget-wrap elementor-element-populated\">\n\t\t\t\t\t\t<section class=\"elementor-section elementor-inner-section elementor-element elementor-element-acfcfb0 elementor-section-content-middle elementor-section-full_width elementor-section-height-default elementor-section-height-default\" data-id=\"acfcfb0\" data-element_type=\"section\">\n\t\t\t\t\t\t<div class=\"elementor-container elementor-column-gap-default\">\n\t\t\t\t\t<div class=\"elementor-column elementor-col-50 elementor-inner-column elementor-element elementor-element-647298f\" data-id=\"647298f\" data-element_type=\"column\">\n\t\t\t<div class=\"elementor-widget-wrap elementor-element-populated\">\n\t\t\t\t\t\t<div class=\"elementor-element elementor-element-495c450 elementor-widget__width-initial elementor-widget-tablet__width-initial elementor-widget-mobile__width-inherit bdt-background-overlay-yes elementor-widget elementor-widget-heading\" data-id=\"495c450\" data-element_type=\"widget\" data-widget_type=\"heading.default\">\n\t\t\t\t<div class=\"elementor-widget-container\">\n\t\t\t\t\t<h2 class=\"elementor-heading-title elementor-size-default\">Holoxone Holografik \u00c7al\u0131\u015fanlar\u0131<\/h2>\t\t\t\t<\/div>\n\t\t\t\t<\/div>\n\t\t\t\t<div class=\"elementor-element elementor-element-215f161 elementor-widget elementor-widget-text-editor\" data-id=\"215f161\" data-element_type=\"widget\" data-widget_type=\"text-editor.default\">\n\t\t\t\t<div class=\"elementor-widget-container\">\n\t\t\t\t\t\t\t\t\t<p data-pm-slice=\"1 1 []\">50\u2019den fazla dilde ak\u0131c\u0131, 3 saniyeden k\u0131sa s\u00fcrede yan\u0131t veren ve her zaman yard\u0131ma haz\u0131r. Ak\u0131ll\u0131 Ekibimiz, teknolojiyi daha ak\u0131ll\u0131, daha h\u0131zl\u0131 ve daha insani hale getirmek i\u00e7in burada. \u0130ster cevaplara, ister rehberli\u011fe ya da yarat\u0131c\u0131 deste\u011fe ihtiyac\u0131n\u0131z olsun, her zaman ve her yerde yan\u0131n\u0131zday\u0131z.<\/p><p>M\u00fc\u015fterilerinizin deneyimini benzersiz hale getirin ve \u00e7al\u0131\u015fanlar\u0131m\u0131z\u0131n her soru ve talebi empatiyle, d\u00fc\u015f\u00fcnceli ve nazik yan\u0131tlarla kar\u015f\u0131lamas\u0131n\u0131 sa\u011flay\u0131n.<\/p>\t\t\t\t\t\t\t\t<\/div>\n\t\t\t\t<\/div>\n\t\t\t\t<div class=\"elementor-element elementor-element-32729eb elementor-mobile-align-center elementor-align-right elementor-widget elementor-widget-button\" data-id=\"32729eb\" data-element_type=\"widget\" data-widget_type=\"button.default\">\n\t\t\t\t<div class=\"elementor-widget-container\">\n\t\t\t\t\t\t\t\t\t<div class=\"elementor-button-wrapper\">\n\t\t\t\t\t<a class=\"elementor-button elementor-size-sm\" role=\"button\">\n\t\t\t\t\t\t<span class=\"elementor-button-content-wrapper\">\n\t\t\t\t\t\t\t\t\t<span class=\"elementor-button-text\">Yak\u0131nda Sizlerle!<\/span>\n\t\t\t\t\t<\/span>\n\t\t\t\t\t<\/a>\n\t\t\t\t<\/div>\n\t\t\t\t\t\t\t\t<\/div>\n\t\t\t\t<\/div>\n\t\t\t\t\t<\/div>\n\t\t<\/div>\n\t\t\t\t<div class=\"elementor-column elementor-col-50 elementor-inner-column elementor-element elementor-element-cb727bb\" data-id=\"cb727bb\" data-element_type=\"column\">\n\t\t\t<div class=\"elementor-widget-wrap elementor-element-populated\">\n\t\t\t\t\t\t<div class=\"elementor-element elementor-element-5f492b6 elementor-widget__width-initial elementor-widget elementor-widget-image\" data-id=\"5f492b6\" data-element_type=\"widget\" data-widget_type=\"image.default\">\n\t\t\t\t<div class=\"elementor-widget-container\">\n\t\t\t\t\t\t\t\t\t\t\t\t\t\t\t<img fetchpriority=\"high\" decoding=\"async\" width=\"1000\" height=\"1000\" src=\"https:\/\/www.holoxone.com\/wp-content\/uploads\/2025\/11\/Mehmet_02-1024x1024.png\" class=\"attachment-large size-large wp-image-5318\" alt=\"\" srcset=\"https:\/\/www.holoxone.com\/wp-content\/uploads\/2025\/11\/Mehmet_02-1024x1024.png 1024w, https:\/\/www.holoxone.com\/wp-content\/uploads\/2025\/11\/Mehmet_02-300x300.png 300w, https:\/\/www.holoxone.com\/wp-content\/uploads\/2025\/11\/Mehmet_02-150x150.png 150w, https:\/\/www.holoxone.com\/wp-content\/uploads\/2025\/11\/Mehmet_02-768x768.png 768w, https:\/\/www.holoxone.com\/wp-content\/uploads\/2025\/11\/Mehmet_02-650x650.png 650w, https:\/\/www.holoxone.com\/wp-content\/uploads\/2025\/11\/Mehmet_02.png 1080w\" sizes=\"(max-width: 1000px) 100vw, 1000px\" \/>\t\t\t\t\t\t\t\t\t\t\t\t\t\t\t<\/div>\n\t\t\t\t<\/div>\n\t\t\t\t\t<\/div>\n\t\t<\/div>\n\t\t\t\t\t<\/div>\n\t\t<\/section>\n\t\t\t\t\t<\/div>\n\t\t<\/div>\n\t\t\t\t\t<\/div>\n\t\t<\/section>\n\t\t\t\t<section class=\"elementor-section elementor-top-section elementor-element elementor-element-d74c019 elementor-section-full_width elementor-hidden-desktop ep-parallax-effects-yes elementor-section-height-default elementor-section-height-default\" data-id=\"d74c019\" data-element_type=\"section\" data-settings=\"{&quot;ep_parallax_effects_show&quot;:&quot;yes&quot;,&quot;ep_parallax_effects_opacity_toggole&quot;:&quot;yes&quot;,&quot;ep_parallax_effects_opacity_custom_show&quot;:&quot;yes&quot;,&quot;ep_parallax_effects_opacity_custom_value&quot;:&quot;0,1,1,0&quot;,&quot;ep_parallax_effects_rotate_start&quot;:{&quot;unit&quot;:&quot;px&quot;,&quot;size&quot;:&quot;&quot;,&quot;sizes&quot;:[]},&quot;ep_parallax_effects_rotate_end&quot;:{&quot;unit&quot;:&quot;px&quot;,&quot;size&quot;:&quot;&quot;,&quot;sizes&quot;:[]},&quot;ep_parallax_effects_scale_start&quot;:{&quot;unit&quot;:&quot;px&quot;,&quot;size&quot;:1,&quot;sizes&quot;:[]},&quot;ep_parallax_effects_scale_end&quot;:{&quot;unit&quot;:&quot;px&quot;,&quot;size&quot;:1,&quot;sizes&quot;:[]},&quot;ep_parallax_effects_hue_value&quot;:{&quot;unit&quot;:&quot;px&quot;,&quot;size&quot;:&quot;&quot;,&quot;sizes&quot;:[]},&quot;ep_parallax_effects_sepia_value&quot;:{&quot;unit&quot;:&quot;px&quot;,&quot;size&quot;:1,&quot;sizes&quot;:[]},&quot;ep_parallax_effects_easing_value&quot;:{&quot;unit&quot;:&quot;px&quot;,&quot;size&quot;:1,&quot;sizes&quot;:[]},&quot;ep_parallax_effects_target&quot;:&quot;self&quot;}\">\n\t\t\t\t\t\t<div class=\"elementor-container elementor-column-gap-default\">\n\t\t\t\t\t<div class=\"elementor-column elementor-col-100 elementor-top-column elementor-element elementor-element-466bef0\" data-id=\"466bef0\" data-element_type=\"column\">\n\t\t\t<div class=\"elementor-widget-wrap elementor-element-populated\">\n\t\t\t\t\t\t<div class=\"elementor-element elementor-element-2976997 elementor-widget__width-initial elementor-widget elementor-widget-image\" data-id=\"2976997\" data-element_type=\"widget\" data-widget_type=\"image.default\">\n\t\t\t\t<div class=\"elementor-widget-container\">\n\t\t\t\t\t\t\t\t\t\t\t\t\t\t\t<img decoding=\"async\" width=\"1080\" height=\"1080\" src=\"https:\/\/www.holoxone.com\/wp-content\/uploads\/2025\/11\/Mehmet_02.png\" class=\"attachment-full size-full wp-image-5318\" alt=\"\" srcset=\"https:\/\/www.holoxone.com\/wp-content\/uploads\/2025\/11\/Mehmet_02.png 1080w, https:\/\/www.holoxone.com\/wp-content\/uploads\/2025\/11\/Mehmet_02-300x300.png 300w, https:\/\/www.holoxone.com\/wp-content\/uploads\/2025\/11\/Mehmet_02-1024x1024.png 1024w, https:\/\/www.holoxone.com\/wp-content\/uploads\/2025\/11\/Mehmet_02-150x150.png 150w, https:\/\/www.holoxone.com\/wp-content\/uploads\/2025\/11\/Mehmet_02-768x768.png 768w, https:\/\/www.holoxone.com\/wp-content\/uploads\/2025\/11\/Mehmet_02-650x650.png 650w\" sizes=\"(max-width: 1080px) 100vw, 1080px\" \/>\t\t\t\t\t\t\t\t\t\t\t\t\t\t\t<\/div>\n\t\t\t\t<\/div>\n\t\t\t\t<div class=\"elementor-element elementor-element-854f61d elementor-widget__width-inherit elementor-widget-tablet__width-initial elementor-widget-mobile__width-inherit bdt-background-overlay-yes elementor-widget elementor-widget-heading\" data-id=\"854f61d\" data-element_type=\"widget\" data-widget_type=\"heading.default\">\n\t\t\t\t<div class=\"elementor-widget-container\">\n\t\t\t\t\t<h2 class=\"elementor-heading-title elementor-size-default\">Holoxone Holografik \u00c7al\u0131\u015fanlar\u0131<\/h2>\t\t\t\t<\/div>\n\t\t\t\t<\/div>\n\t\t\t\t<div class=\"elementor-element elementor-element-6fca7b8 elementor-widget elementor-widget-text-editor\" data-id=\"6fca7b8\" data-element_type=\"widget\" data-widget_type=\"text-editor.default\">\n\t\t\t\t<div class=\"elementor-widget-container\">\n\t\t\t\t\t\t\t\t\t<p data-pm-slice=\"1 1 []\">50\u2019den fazla dilde ak\u0131c\u0131, 3 saniyeden k\u0131sa s\u00fcrede yan\u0131t veren ve her zaman yard\u0131ma haz\u0131r. Ak\u0131ll\u0131 Ekibimiz, teknolojiyi daha ak\u0131ll\u0131, daha h\u0131zl\u0131 ve daha insani hale getirmek i\u00e7in burada. \u0130ster cevaplara, ister rehberli\u011fe ya da yarat\u0131c\u0131 deste\u011fe ihtiyac\u0131n\u0131z olsun, her zaman ve her yerde yan\u0131n\u0131zday\u0131z.<\/p><p>M\u00fc\u015fterilerinizin deneyimini benzersiz hale getirin ve \u00e7al\u0131\u015fanlar\u0131m\u0131z\u0131n her soru ve talebi empatiyle, d\u00fc\u015f\u00fcnceli ve nazik yan\u0131tlarla kar\u015f\u0131lamas\u0131n\u0131 sa\u011flay\u0131n.<\/p>\t\t\t\t\t\t\t\t<\/div>\n\t\t\t\t<\/div>\n\t\t\t\t<div class=\"elementor-element elementor-element-0e0a57c elementor-mobile-align-center elementor-align-right elementor-widget elementor-widget-button\" data-id=\"0e0a57c\" data-element_type=\"widget\" data-widget_type=\"button.default\">\n\t\t\t\t<div class=\"elementor-widget-container\">\n\t\t\t\t\t\t\t\t\t<div class=\"elementor-button-wrapper\">\n\t\t\t\t\t<a class=\"elementor-button elementor-button-link elementor-size-sm\" href=\"https:\/\/www.holoxone.com\/index.php\/employees\/\">\n\t\t\t\t\t\t<span class=\"elementor-button-content-wrapper\">\n\t\t\t\t\t\t\t\t\t<span class=\"elementor-button-text\">Yak\u0131nda Sizlerle!<\/span>\n\t\t\t\t\t<\/span>\n\t\t\t\t\t<\/a>\n\t\t\t\t<\/div>\n\t\t\t\t\t\t\t\t<\/div>\n\t\t\t\t<\/div>\n\t\t\t\t\t<\/div>\n\t\t<\/div>\n\t\t\t\t\t<\/div>\n\t\t<\/section>\n\t\t\t\t<\/div>","protected":false},"excerpt":{"rendered":"<p>https:\/\/www.holoxone.com\/wp-content\/uploads\/2025\/11\/Website_Holoxone_Companion_02.mp4https:\/\/www.holoxone.com\/wp-content\/uploads\/2025\/11\/Comp-1_2.mp4 Holoxone Holographic Employees Fluent in 50+ languages, responding in under 3 seconds, and always ready to help. Our Smart Team is [&hellip;]<\/p>\n","protected":false},"author":5,"featured_media":0,"parent":0,"menu_order":0,"comment_status":"closed","ping_status":"closed","template":"","meta":{"footnotes":""},"class_list":["post-5290","page","type-page","status-publish","hentry"],"_links":{"self":[{"href":"https:\/\/www.holoxone.com\/tr\/wp-json\/wp\/v2\/pages\/5290","targetHints":{"allow":["GET"]}}],"collection":[{"href":"https:\/\/www.holoxone.com\/tr\/wp-json\/wp\/v2\/pages"}],"about":[{"href":"https:\/\/www.holoxone.com\/tr\/wp-json\/wp\/v2\/types\/page"}],"author":[{"embeddable":true,"href":"https:\/\/www.holoxone.com\/tr\/wp-json\/wp\/v2\/users\/5"}],"replies":[{"embeddable":true,"href":"https:\/\/www.holoxone.com\/tr\/wp-json\/wp\/v2\/comments?post=5290"}],"version-history":[{"count":10,"href":"https:\/\/www.holoxone.com\/tr\/wp-json\/wp\/v2\/pages\/5290\/revisions"}],"predecessor-version":[{"id":5379,"href":"https:\/\/www.holoxone.com\/tr\/wp-json\/wp\/v2\/pages\/5290\/revisions\/5379"}],"wp:attachment":[{"href":"https:\/\/www.holoxone.com\/tr\/wp-json\/wp\/v2\/media?parent=5290"}],"curies":[{"name":"wp","href":"https:\/\/api.w.org\/{rel}","templated":true}]}}